{"id":1649,"date":"2020-12-09T12:56:04","date_gmt":"2020-12-09T17:56:04","guid":{"rendered":"http:\/\/estraseg.net\/?page_id=1649"},"modified":"2025-07-05T22:57:14","modified_gmt":"2025-07-06T03:57:14","slug":"servicios-que-ofrecemos","status":"publish","type":"page","link":"https:\/\/estraseg.net\/?page_id=1649","title":{"rendered":"Servicios que ofrecemos"},"content":{"rendered":"\t\t<div data-elementor-type=\"wp-page\" data-elementor-id=\"1649\" class=\"elementor elementor-1649\">\n\t\t\t\t\t\t<section class=\"elementor-section elementor-top-section elementor-element elementor-element-5a25a9c elementor-section-boxed elementor-section-height-default elementor-section-height-default\" data-id=\"5a25a9c\" data-element_type=\"section\">\n\t\t\t\t\t\t<div class=\"elementor-container elementor-column-gap-default\">\n\t\t\t\t\t<div class=\"elementor-column elementor-col-100 elementor-top-column elementor-element elementor-element-2d7c051\" data-id=\"2d7c051\" data-element_type=\"column\">\n\t\t\t<div class=\"elementor-widget-wrap elementor-element-populated\">\n\t\t\t\t\t\t<div class=\"elementor-element elementor-element-471d186 elementor-widget elementor-widget-heading\" data-id=\"471d186\" data-element_type=\"widget\" data-widget_type=\"heading.default\">\n\t\t\t\t<div class=\"elementor-widget-container\">\n\t\t\t\t\t<h1 class=\"elementor-heading-title elementor-size-default\">Servicios que ofrecemos<\/h1>\t\t\t\t<\/div>\n\t\t\t\t<\/div>\n\t\t\t\t\t<\/div>\n\t\t<\/div>\n\t\t\t\t\t<\/div>\n\t\t<\/section>\n\t\t\t\t<section class=\"elementor-section elementor-top-section elementor-element elementor-element-416849bd elementor-section-content-middle elementor-section-full_width elementor-section-height-default elementor-section-height-default\" data-id=\"416849bd\" data-element_type=\"section\">\n\t\t\t\t\t\t<div class=\"elementor-container elementor-column-gap-no\">\n\t\t\t\t\t<div class=\"elementor-column elementor-col-100 elementor-top-column elementor-element elementor-element-267c02ba\" data-id=\"267c02ba\" data-element_type=\"column\">\n\t\t\t<div class=\"elementor-widget-wrap elementor-element-populated\">\n\t\t\t\t\t\t<section class=\"elementor-section elementor-inner-section elementor-element elementor-element-64d9e1da elementor-section-content-middle elementor-section-full_width elementor-section-height-default elementor-section-height-default\" data-id=\"64d9e1da\" data-element_type=\"section\">\n\t\t\t\t\t\t<div class=\"elementor-container elementor-column-gap-no\">\n\t\t\t\t\t<div class=\"elementor-column elementor-col-33 elementor-inner-column elementor-element elementor-element-135cbab1\" data-id=\"135cbab1\" data-element_type=\"column\" data-settings=\"{&quot;background_background&quot;:&quot;classic&quot;}\">\n\t\t\t<div class=\"elementor-widget-wrap elementor-element-populated\">\n\t\t\t\t\t\t<div class=\"elementor-element elementor-element-5d0cb48 elementor-widget elementor-widget-image\" data-id=\"5d0cb48\" data-element_type=\"widget\" data-widget_type=\"image.default\">\n\t\t\t\t<div class=\"elementor-widget-container\">\n\t\t\t\t\t\t\t\t\t\t\t\t\t\t\t<img fetchpriority=\"high\" decoding=\"async\" width=\"768\" height=\"432\" src=\"https:\/\/estraseg.net\/wp-content\/uploads\/2021\/02\/seguridadfisica-768x432.png\" class=\"attachment-medium_large size-medium_large wp-image-1847\" alt=\"\" srcset=\"https:\/\/estraseg.net\/wp-content\/uploads\/2021\/02\/seguridadfisica-768x432.png 768w, https:\/\/estraseg.net\/wp-content\/uploads\/2021\/02\/seguridadfisica-300x169.png 300w, https:\/\/estraseg.net\/wp-content\/uploads\/2021\/02\/seguridadfisica-1024x576.png 1024w, https:\/\/estraseg.net\/wp-content\/uploads\/2021\/02\/seguridadfisica-1536x864.png 1536w, https:\/\/estraseg.net\/wp-content\/uploads\/2021\/02\/seguridadfisica.png 1920w\" sizes=\"(max-width: 768px) 100vw, 768px\" \/>\t\t\t\t\t\t\t\t\t\t\t\t\t\t\t<\/div>\n\t\t\t\t<\/div>\n\t\t\t\t<div class=\"elementor-element elementor-element-57dbaa1 elementor-widget elementor-widget-image-box\" data-id=\"57dbaa1\" data-element_type=\"widget\" data-widget_type=\"image-box.default\">\n\t\t\t\t<div class=\"elementor-widget-container\">\n\t\t\t\t\t<div class=\"elementor-image-box-wrapper\"><div class=\"elementor-image-box-content\"><h3 class=\"elementor-image-box-title\">Seguridad F\u00edsica<\/h3><p class=\"elementor-image-box-description\">Ofrecemos el mejor servicio de vigilancia privada para su negocio; con un exhaustivo proceso en la selecci\u00f3n y entrenamiento del personal contratado.<\/p><\/div><\/div>\t\t\t\t<\/div>\n\t\t\t\t<\/div>\n\t\t\t\t<div class=\"elementor-element elementor-element-cd05043 elementor-align-center elementor-widget elementor-widget-button\" data-id=\"cd05043\" data-element_type=\"widget\" data-widget_type=\"button.default\">\n\t\t\t\t<div class=\"elementor-widget-container\">\n\t\t\t\t\t\t\t\t\t<div class=\"elementor-button-wrapper\">\n\t\t\t\t\t<a class=\"elementor-button elementor-button-link elementor-size-sm\" href=\"https:\/\/estraseg.net\/?page_id=1582\">\n\t\t\t\t\t\t<span class=\"elementor-button-content-wrapper\">\n\t\t\t\t\t\t<span class=\"elementor-button-icon\">\n\t\t\t\t<i aria-hidden=\"true\" class=\"far fa-arrow-alt-circle-right\"><\/i>\t\t\t<\/span>\n\t\t\t\t\t\t\t\t\t<span class=\"elementor-button-text\">Saber Mas<\/span>\n\t\t\t\t\t<\/span>\n\t\t\t\t\t<\/a>\n\t\t\t\t<\/div>\n\t\t\t\t\t\t\t\t<\/div>\n\t\t\t\t<\/div>\n\t\t\t\t\t<\/div>\n\t\t<\/div>\n\t\t\t\t<div class=\"elementor-column elementor-col-33 elementor-inner-column elementor-element elementor-element-6deb8081\" data-id=\"6deb8081\" data-element_type=\"column\" data-settings=\"{&quot;background_background&quot;:&quot;classic&quot;}\">\n\t\t\t<div class=\"elementor-widget-wrap elementor-element-populated\">\n\t\t\t\t\t\t<div class=\"elementor-element elementor-element-f4417b0 elementor-widget elementor-widget-image\" data-id=\"f4417b0\" data-element_type=\"widget\" data-widget_type=\"image.default\">\n\t\t\t\t<div class=\"elementor-widget-container\">\n\t\t\t\t\t\t\t\t\t\t\t\t\t\t\t<img decoding=\"async\" width=\"768\" height=\"432\" src=\"https:\/\/estraseg.net\/wp-content\/uploads\/2021\/02\/seguridadvirtual-768x432.png\" class=\"attachment-medium_large size-medium_large wp-image-1849\" alt=\"\" srcset=\"https:\/\/estraseg.net\/wp-content\/uploads\/2021\/02\/seguridadvirtual-768x432.png 768w, https:\/\/estraseg.net\/wp-content\/uploads\/2021\/02\/seguridadvirtual-300x169.png 300w, https:\/\/estraseg.net\/wp-content\/uploads\/2021\/02\/seguridadvirtual-1024x576.png 1024w, https:\/\/estraseg.net\/wp-content\/uploads\/2021\/02\/seguridadvirtual-1536x864.png 1536w, https:\/\/estraseg.net\/wp-content\/uploads\/2021\/02\/seguridadvirtual.png 1920w\" sizes=\"(max-width: 768px) 100vw, 768px\" \/>\t\t\t\t\t\t\t\t\t\t\t\t\t\t\t<\/div>\n\t\t\t\t<\/div>\n\t\t\t\t<div class=\"elementor-element elementor-element-5cae09f0 elementor-widget elementor-widget-image-box\" data-id=\"5cae09f0\" data-element_type=\"widget\" data-widget_type=\"image-box.default\">\n\t\t\t\t<div class=\"elementor-widget-container\">\n\t\t\t\t\t<div class=\"elementor-image-box-wrapper\"><div class=\"elementor-image-box-content\"><h3 class=\"elementor-image-box-title\">Porter\u00eda Inteligente<\/h3><p class=\"elementor-image-box-description\">Contamos con un sistema innovador que nos permite brindar seguridad a residenciales cerrados, oficinas y edificios. Nos mantenemos vigilantes de su seguridad las 24 horas del d\u00eda.\nAdaptable a cada necesidad, 100% personalizable. <a href=\"https:\/\/estraseg.net\/?page_id=1323\"> <b>Ver Video<\/b><\/a><\/p><\/div><\/div>\t\t\t\t<\/div>\n\t\t\t\t<\/div>\n\t\t\t\t<div class=\"elementor-element elementor-element-3ba7bf58 elementor-align-center elementor-widget elementor-widget-button\" data-id=\"3ba7bf58\" data-element_type=\"widget\" data-widget_type=\"button.default\">\n\t\t\t\t<div class=\"elementor-widget-container\">\n\t\t\t\t\t\t\t\t\t<div class=\"elementor-button-wrapper\">\n\t\t\t\t\t<a class=\"elementor-button elementor-button-link elementor-size-sm\" href=\"http:\/\/estraseg.net\/?page_id=1323\">\n\t\t\t\t\t\t<span class=\"elementor-button-content-wrapper\">\n\t\t\t\t\t\t<span class=\"elementor-button-icon\">\n\t\t\t\t<i aria-hidden=\"true\" class=\"far fa-arrow-alt-circle-right\"><\/i>\t\t\t<\/span>\n\t\t\t\t\t\t\t\t\t<span class=\"elementor-button-text\">Saber Mas<\/span>\n\t\t\t\t\t<\/span>\n\t\t\t\t\t<\/a>\n\t\t\t\t<\/div>\n\t\t\t\t\t\t\t\t<\/div>\n\t\t\t\t<\/div>\n\t\t\t\t\t<\/div>\n\t\t<\/div>\n\t\t\t\t<div class=\"elementor-column elementor-col-33 elementor-inner-column elementor-element elementor-element-69c66a7a\" data-id=\"69c66a7a\" data-element_type=\"column\" data-settings=\"{&quot;background_background&quot;:&quot;classic&quot;}\">\n\t\t\t<div class=\"elementor-widget-wrap elementor-element-populated\">\n\t\t\t\t\t\t<div class=\"elementor-element elementor-element-dd7ff1a elementor-widget elementor-widget-image\" data-id=\"dd7ff1a\" data-element_type=\"widget\" data-widget_type=\"image.default\">\n\t\t\t\t<div class=\"elementor-widget-container\">\n\t\t\t\t\t\t\t\t\t\t\t\t\t\t\t<img decoding=\"async\" width=\"768\" height=\"512\" src=\"https:\/\/estraseg.net\/wp-content\/uploads\/2025\/07\/investigator-handing-768x512.png\" class=\"attachment-medium_large size-medium_large wp-image-2022\" alt=\"\" srcset=\"https:\/\/estraseg.net\/wp-content\/uploads\/2025\/07\/investigator-handing-768x512.png 768w, https:\/\/estraseg.net\/wp-content\/uploads\/2025\/07\/investigator-handing-300x200.png 300w, https:\/\/estraseg.net\/wp-content\/uploads\/2025\/07\/investigator-handing-1024x683.png 1024w, https:\/\/estraseg.net\/wp-content\/uploads\/2025\/07\/investigator-handing.png 1536w\" sizes=\"(max-width: 768px) 100vw, 768px\" \/>\t\t\t\t\t\t\t\t\t\t\t\t\t\t\t<\/div>\n\t\t\t\t<\/div>\n\t\t\t\t<div class=\"elementor-element elementor-element-9c2c995 elementor-widget elementor-widget-image-box\" data-id=\"9c2c995\" data-element_type=\"widget\" data-widget_type=\"image-box.default\">\n\t\t\t\t<div class=\"elementor-widget-container\">\n\t\t\t\t\t<div class=\"elementor-image-box-wrapper\"><div class=\"elementor-image-box-content\"><h3 class=\"elementor-image-box-title\">Investigaciones Corporativas<\/h3><p class=\"elementor-image-box-description\">Ofrecemos servicios de Investigaci\u00f3n corporativa de alta calidad, dise\u00f1ados para proporcionar informaci\u00f3n crucial y resolver problemas de manera efectiva y discreta. <\/p><\/div><\/div>\t\t\t\t<\/div>\n\t\t\t\t<\/div>\n\t\t\t\t<div class=\"elementor-element elementor-element-7ea34f54 elementor-align-center elementor-widget elementor-widget-button\" data-id=\"7ea34f54\" data-element_type=\"widget\" data-widget_type=\"button.default\">\n\t\t\t\t<div class=\"elementor-widget-container\">\n\t\t\t\t\t\t\t\t\t<div class=\"elementor-button-wrapper\">\n\t\t\t\t\t<a class=\"elementor-button elementor-button-link elementor-size-sm\" href=\"http:\/\/estraseg.net\/?page_id=1316\">\n\t\t\t\t\t\t<span class=\"elementor-button-content-wrapper\">\n\t\t\t\t\t\t<span class=\"elementor-button-icon\">\n\t\t\t\t<i aria-hidden=\"true\" class=\"far fa-arrow-alt-circle-right\"><\/i>\t\t\t<\/span>\n\t\t\t\t\t\t\t\t\t<span class=\"elementor-button-text\">Saber Mas<\/span>\n\t\t\t\t\t<\/span>\n\t\t\t\t\t<\/a>\n\t\t\t\t<\/div>\n\t\t\t\t\t\t\t\t<\/div>\n\t\t\t\t<\/div>\n\t\t\t\t\t<\/div>\n\t\t<\/div>\n\t\t\t\t\t<\/div>\n\t\t<\/section>\n\t\t\t\t<section class=\"elementor-section elementor-inner-section elementor-element elementor-element-4a07251a elementor-section-content-top elementor-section-full_width elementor-section-height-default elementor-section-height-default\" data-id=\"4a07251a\" data-element_type=\"section\">\n\t\t\t\t\t\t<div class=\"elementor-container elementor-column-gap-default\">\n\t\t\t\t\t<div class=\"elementor-column elementor-col-50 elementor-inner-column elementor-element elementor-element-294aeb0\" data-id=\"294aeb0\" data-element_type=\"column\" data-settings=\"{&quot;background_background&quot;:&quot;classic&quot;}\">\n\t\t\t<div class=\"elementor-widget-wrap elementor-element-populated\">\n\t\t\t\t\t\t<div class=\"elementor-element elementor-element-89c38be elementor-widget elementor-widget-image\" data-id=\"89c38be\" data-element_type=\"widget\" data-widget_type=\"image.default\">\n\t\t\t\t<div class=\"elementor-widget-container\">\n\t\t\t\t\t\t\t\t\t\t\t\t\t\t\t<img loading=\"lazy\" decoding=\"async\" width=\"768\" height=\"432\" src=\"https:\/\/estraseg.net\/wp-content\/uploads\/2021\/02\/seguridadelectronica-768x432.png\" class=\"attachment-medium_large size-medium_large wp-image-1858\" alt=\"\" srcset=\"https:\/\/estraseg.net\/wp-content\/uploads\/2021\/02\/seguridadelectronica-768x432.png 768w, https:\/\/estraseg.net\/wp-content\/uploads\/2021\/02\/seguridadelectronica-300x169.png 300w, https:\/\/estraseg.net\/wp-content\/uploads\/2021\/02\/seguridadelectronica-1024x576.png 1024w, https:\/\/estraseg.net\/wp-content\/uploads\/2021\/02\/seguridadelectronica-1536x864.png 1536w, https:\/\/estraseg.net\/wp-content\/uploads\/2021\/02\/seguridadelectronica.png 1920w\" sizes=\"(max-width: 768px) 100vw, 768px\" \/>\t\t\t\t\t\t\t\t\t\t\t\t\t\t\t<\/div>\n\t\t\t\t<\/div>\n\t\t\t\t<div class=\"elementor-element elementor-element-c0fd0bf elementor-vertical-align-top elementor-widget elementor-widget-image-box\" data-id=\"c0fd0bf\" data-element_type=\"widget\" data-widget_type=\"image-box.default\">\n\t\t\t\t<div class=\"elementor-widget-container\">\n\t\t\t\t\t<div class=\"elementor-image-box-wrapper\"><div class=\"elementor-image-box-content\"><h3 class=\"elementor-image-box-title\">Seguridad Electr\u00f3nica<\/h3><p class=\"elementor-image-box-description\">Nos especializamos en la  integraci\u00f3n de sistemas electr\u00f3nicos tales como, c\u00e1maras de seguridad, sistema de alarma, sistema contra incendio, controles de acceso, portones el\u00e9ctricos, barrera vehicular, cerco el\u00e9ctrico, intercom, videos porteros y controles de asistencia.<\/p><\/div><\/div>\t\t\t\t<\/div>\n\t\t\t\t<\/div>\n\t\t\t\t<div class=\"elementor-element elementor-element-12d86df elementor-align-center elementor-widget elementor-widget-button\" data-id=\"12d86df\" data-element_type=\"widget\" data-widget_type=\"button.default\">\n\t\t\t\t<div class=\"elementor-widget-container\">\n\t\t\t\t\t\t\t\t\t<div class=\"elementor-button-wrapper\">\n\t\t\t\t\t<a class=\"elementor-button elementor-button-link elementor-size-sm\" href=\"http:\/\/estraseg.net\/?page_id=1567\">\n\t\t\t\t\t\t<span class=\"elementor-button-content-wrapper\">\n\t\t\t\t\t\t<span class=\"elementor-button-icon\">\n\t\t\t\t<i aria-hidden=\"true\" class=\"far fa-arrow-alt-circle-right\"><\/i>\t\t\t<\/span>\n\t\t\t\t\t\t\t\t\t<span class=\"elementor-button-text\">Saber mas<\/span>\n\t\t\t\t\t<\/span>\n\t\t\t\t\t<\/a>\n\t\t\t\t<\/div>\n\t\t\t\t\t\t\t\t<\/div>\n\t\t\t\t<\/div>\n\t\t\t\t\t<\/div>\n\t\t<\/div>\n\t\t\t\t<div class=\"elementor-column elementor-col-50 elementor-inner-column elementor-element elementor-element-474ff6ef\" data-id=\"474ff6ef\" data-element_type=\"column\" data-settings=\"{&quot;background_background&quot;:&quot;classic&quot;}\">\n\t\t\t<div class=\"elementor-widget-wrap elementor-element-populated\">\n\t\t\t\t\t\t<div class=\"elementor-element elementor-element-a9329a2 elementor-widget elementor-widget-image\" data-id=\"a9329a2\" data-element_type=\"widget\" data-widget_type=\"image.default\">\n\t\t\t\t<div class=\"elementor-widget-container\">\n\t\t\t\t\t\t\t\t\t\t\t\t\t\t\t<img loading=\"lazy\" decoding=\"async\" width=\"768\" height=\"432\" src=\"https:\/\/estraseg.net\/wp-content\/uploads\/2021\/02\/plataformagps-768x432.png\" class=\"attachment-medium_large size-medium_large wp-image-1862\" alt=\"\" srcset=\"https:\/\/estraseg.net\/wp-content\/uploads\/2021\/02\/plataformagps-768x432.png 768w, https:\/\/estraseg.net\/wp-content\/uploads\/2021\/02\/plataformagps-300x169.png 300w, https:\/\/estraseg.net\/wp-content\/uploads\/2021\/02\/plataformagps-1024x576.png 1024w, https:\/\/estraseg.net\/wp-content\/uploads\/2021\/02\/plataformagps-1536x864.png 1536w, https:\/\/estraseg.net\/wp-content\/uploads\/2021\/02\/plataformagps.png 1920w\" sizes=\"(max-width: 768px) 100vw, 768px\" \/>\t\t\t\t\t\t\t\t\t\t\t\t\t\t\t<\/div>\n\t\t\t\t<\/div>\n\t\t\t\t<div class=\"elementor-element elementor-element-39224454 elementor-widget elementor-widget-image-box\" data-id=\"39224454\" data-element_type=\"widget\" data-widget_type=\"image-box.default\">\n\t\t\t\t<div class=\"elementor-widget-container\">\n\t\t\t\t\t<div class=\"elementor-image-box-wrapper\"><div class=\"elementor-image-box-content\"><h3 class=\"elementor-image-box-title\">Plataforma GPS<\/h3><p class=\"elementor-image-box-description\">Utilizamos dispositivos GPS con tecnolog\u00eda LTE que garantiza el envi\u00f3 inmediato de los datos del GPS a la Plataforma.\n\nSensores de ultima tecnologia:\nApagado de motor remoto, Apertura de puerta, Bot\u00f3n de P\u00e1nico, Sensor de combustible, Sensor de temperatura, Lectura del OBD2, C\u00e1maras perimetrales (autobuses), Sensor de choque, Control de manejo.<\/p><\/div><\/div>\t\t\t\t<\/div>\n\t\t\t\t<\/div>\n\t\t\t\t<div class=\"elementor-element elementor-element-3ad3233c elementor-align-center elementor-widget elementor-widget-button\" data-id=\"3ad3233c\" data-element_type=\"widget\" data-widget_type=\"button.default\">\n\t\t\t\t<div class=\"elementor-widget-container\">\n\t\t\t\t\t\t\t\t\t<div class=\"elementor-button-wrapper\">\n\t\t\t\t\t<a class=\"elementor-button elementor-button-link elementor-size-sm\" href=\"http:\/\/estraseg.net\/?page_id=1328\">\n\t\t\t\t\t\t<span class=\"elementor-button-content-wrapper\">\n\t\t\t\t\t\t<span class=\"elementor-button-icon\">\n\t\t\t\t<i aria-hidden=\"true\" class=\"far fa-arrow-alt-circle-right\"><\/i>\t\t\t<\/span>\n\t\t\t\t\t\t\t\t\t<span class=\"elementor-button-text\">Saber Mas<\/span>\n\t\t\t\t\t<\/span>\n\t\t\t\t\t<\/a>\n\t\t\t\t<\/div>\n\t\t\t\t\t\t\t\t<\/div>\n\t\t\t\t<\/div>\n\t\t\t\t\t<\/div>\n\t\t<\/div>\n\t\t\t\t<div class=\"elementor-column elementor-col-100 elementor-inner-column elementor-element elementor-element-05485ba\" data-id=\"05485ba\" data-element_type=\"column\" data-settings=\"{&quot;background_background&quot;:&quot;classic&quot;}\">\n\t\t\t<div class=\"elementor-widget-wrap elementor-element-populated\">\n\t\t\t\t\t\t<div class=\"elementor-element elementor-element-2e4500c elementor-widget elementor-widget-image\" data-id=\"2e4500c\" data-element_type=\"widget\" data-widget_type=\"image.default\">\n\t\t\t\t<div class=\"elementor-widget-container\">\n\t\t\t\t\t\t\t\t\t\t\t\t\t\t\t<img loading=\"lazy\" decoding=\"async\" width=\"768\" height=\"432\" src=\"https:\/\/estraseg.net\/wp-content\/uploads\/2021\/02\/monitoreoyvideovigilancia-768x432.png\" class=\"attachment-medium_large size-medium_large wp-image-1864\" alt=\"\" srcset=\"https:\/\/estraseg.net\/wp-content\/uploads\/2021\/02\/monitoreoyvideovigilancia-768x432.png 768w, https:\/\/estraseg.net\/wp-content\/uploads\/2021\/02\/monitoreoyvideovigilancia-300x169.png 300w, https:\/\/estraseg.net\/wp-content\/uploads\/2021\/02\/monitoreoyvideovigilancia-1024x576.png 1024w, https:\/\/estraseg.net\/wp-content\/uploads\/2021\/02\/monitoreoyvideovigilancia-1536x864.png 1536w, https:\/\/estraseg.net\/wp-content\/uploads\/2021\/02\/monitoreoyvideovigilancia.png 1920w\" sizes=\"(max-width: 768px) 100vw, 768px\" \/>\t\t\t\t\t\t\t\t\t\t\t\t\t\t\t<\/div>\n\t\t\t\t<\/div>\n\t\t\t\t<div class=\"elementor-element elementor-element-e5543fe elementor-widget elementor-widget-image-box\" data-id=\"e5543fe\" data-element_type=\"widget\" data-widget_type=\"image-box.default\">\n\t\t\t\t<div class=\"elementor-widget-container\">\n\t\t\t\t\t<div class=\"elementor-image-box-wrapper\"><div class=\"elementor-image-box-content\"><h3 class=\"elementor-image-box-title\">Monitoreo y Video Vigilancia<\/h3><p class=\"elementor-image-box-description\">Contamos con un centro de monitoreo 24\/7 manejado por operadores altamente capacitados. Adem\u00e1s de brindar apoyo oportuno en situaciones riesgo o crisis siguiendo estrategias de seguridad desarrolladas por nuestros especialistas.<\/p><\/div><\/div>\t\t\t\t<\/div>\n\t\t\t\t<\/div>\n\t\t\t\t<div class=\"elementor-element elementor-element-c6b79a4 elementor-align-center elementor-widget elementor-widget-button\" data-id=\"c6b79a4\" data-element_type=\"widget\" data-widget_type=\"button.default\">\n\t\t\t\t<div class=\"elementor-widget-container\">\n\t\t\t\t\t\t\t\t\t<div class=\"elementor-button-wrapper\">\n\t\t\t\t\t<a class=\"elementor-button elementor-button-link elementor-size-sm\" href=\"http:\/\/estraseg.net\/?page_id=1561\">\n\t\t\t\t\t\t<span class=\"elementor-button-content-wrapper\">\n\t\t\t\t\t\t<span class=\"elementor-button-icon\">\n\t\t\t\t<i aria-hidden=\"true\" class=\"far fa-arrow-alt-circle-right\"><\/i>\t\t\t<\/span>\n\t\t\t\t\t\t\t\t\t<span class=\"elementor-button-text\">Saber MAS<\/span>\n\t\t\t\t\t<\/span>\n\t\t\t\t\t<\/a>\n\t\t\t\t<\/div>\n\t\t\t\t\t\t\t\t<\/div>\n\t\t\t\t<\/div>\n\t\t\t\t\t<\/div>\n\t\t<\/div>\n\t\t\t\t\t<\/div>\n\t\t<\/section>\n\t\t\t\t<section class=\"elementor-section elementor-inner-section elementor-element elementor-element-138b185 elementor-section-content-middle elementor-section-boxed elementor-section-height-default elementor-section-height-default\" data-id=\"138b185\" data-element_type=\"section\">\n\t\t\t\t\t\t<div class=\"elementor-container elementor-column-gap-no\">\n\t\t\t\t\t\t<\/div>\n\t\t<\/section>\n\t\t\t\t\t<\/div>\n\t\t<\/div>\n\t\t\t\t\t<\/div>\n\t\t<\/section>\n\t\t\t\t<\/div>\n\t\t","protected":false},"excerpt":{"rendered":"<p>Servicios que ofrecemos Seguridad F\u00edsica Ofrecemos el mejor servicio de vigilancia privada para su negocio; con un exhaustivo proceso en la selecci\u00f3n y entrenamiento del personal contratado. Saber Mas Porter\u00eda Inteligente Contamos con un sistema innovador que nos permite brindar seguridad a residenciales cerrados, oficinas y edificios. Nos mantenemos vigilantes de su seguridad las 24 [&hellip;]<\/p>\n","protected":false},"author":1,"featured_media":0,"parent":0,"menu_order":0,"comment_status":"closed","ping_status":"closed","template":"","meta":{"site-sidebar-layout":"no-sidebar","site-content-layout":"page-builder","ast-site-content-layout":"default","site-content-style":"default","site-sidebar-style":"default","ast-global-header-display":"","ast-banner-title-visibility":"","ast-main-header-display":"","ast-hfb-above-header-display":"","ast-hfb-below-header-display":"","ast-hfb-mobile-header-display":"","site-post-title":"disabled","ast-breadcrumbs-content":"","ast-featured-img":"disabled","footer-sml-layout":"","theme-transparent-header-meta":"default","adv-header-id-meta":"","stick-header-meta":"","header-above-stick-meta":"","header-main-stick-meta":"","header-below-stick-meta":"","astra-migrate-meta-layouts":"default","ast-page-background-enabled":"default","ast-page-background-meta":{"desktop":{"background-color":"","background-image":"","background-repeat":"repeat","background-position":"center center","background-size":"auto","background-attachment":"scroll","background-type":"","background-media":"","overlay-type":"","overlay-color":"","overlay-opacity":"","overlay-gradient":""},"tablet":{"background-color":"","background-image":"","background-repeat":"repeat","background-position":"center center","background-size":"auto","background-attachment":"scroll","background-type":"","background-media":"","overlay-type":"","overlay-color":"","overlay-opacity":"","overlay-gradient":""},"mobile":{"background-color":"","background-image":"","background-repeat":"repeat","background-position":"center center","background-size":"auto","background-attachment":"scroll","background-type":"","background-media":"","overlay-type":"","overlay-color":"","overlay-opacity":"","overlay-gradient":""}},"ast-content-background-meta":{"desktop":{"background-color":"var(--ast-global-color-5)","background-image":"","background-repeat":"repeat","background-position":"center center","background-size":"auto","background-attachment":"scroll","background-type":"","background-media":"","overlay-type":"","overlay-color":"","overlay-opacity":"","overlay-gradient":""},"tablet":{"background-color":"var(--ast-global-color-5)","background-image":"","background-repeat":"repeat","background-position":"center center","background-size":"auto","background-attachment":"scroll","background-type":"","background-media":"","overlay-type":"","overlay-color":"","overlay-opacity":"","overlay-gradient":""},"mobile":{"background-color":"var(--ast-global-color-5)","background-image":"","background-repeat":"repeat","background-position":"center center","background-size":"auto","background-attachment":"scroll","background-type":"","background-media":"","overlay-type":"","overlay-color":"","overlay-opacity":"","overlay-gradient":""}},"_joinchat":[],"footnotes":""},"class_list":["post-1649","page","type-page","status-publish","hentry"],"jetpack_sharing_enabled":true,"_links":{"self":[{"href":"https:\/\/estraseg.net\/index.php?rest_route=\/wp\/v2\/pages\/1649","targetHints":{"allow":["GET"]}}],"collection":[{"href":"https:\/\/estraseg.net\/index.php?rest_route=\/wp\/v2\/pages"}],"about":[{"href":"https:\/\/estraseg.net\/index.php?rest_route=\/wp\/v2\/types\/page"}],"author":[{"embeddable":true,"href":"https:\/\/estraseg.net\/index.php?rest_route=\/wp\/v2\/users\/1"}],"replies":[{"embeddable":true,"href":"https:\/\/estraseg.net\/index.php?rest_route=%2Fwp%2Fv2%2Fcomments&post=1649"}],"version-history":[{"count":68,"href":"https:\/\/estraseg.net\/index.php?rest_route=\/wp\/v2\/pages\/1649\/revisions"}],"predecessor-version":[{"id":2025,"href":"https:\/\/estraseg.net\/index.php?rest_route=\/wp\/v2\/pages\/1649\/revisions\/2025"}],"wp:attachment":[{"href":"https:\/\/estraseg.net\/index.php?rest_route=%2Fwp%2Fv2%2Fmedia&parent=1649"}],"curies":[{"name":"wp","href":"https:\/\/api.w.org\/{rel}","templated":true}]}}