{"id":1328,"date":"2020-06-08T02:12:27","date_gmt":"2020-06-08T02:12:27","guid":{"rendered":"http:\/\/estraseg.net\/?page_id=1328"},"modified":"2025-07-05T22:34:38","modified_gmt":"2025-07-06T03:34:38","slug":"gps","status":"publish","type":"page","link":"https:\/\/estraseg.net\/?page_id=1328","title":{"rendered":"GPS"},"content":{"rendered":"\t\t<div data-elementor-type=\"wp-page\" data-elementor-id=\"1328\" class=\"elementor elementor-1328\">\n\t\t\t\t\t\t<section class=\"elementor-section elementor-top-section elementor-element elementor-element-568f913 elementor-section-boxed elementor-section-height-default elementor-section-height-default\" data-id=\"568f913\" data-element_type=\"section\">\n\t\t\t\t\t\t<div class=\"elementor-container elementor-column-gap-default\">\n\t\t\t\t\t<div class=\"elementor-column elementor-col-100 elementor-top-column elementor-element elementor-element-b8d807a\" data-id=\"b8d807a\" data-element_type=\"column\">\n\t\t\t<div class=\"elementor-widget-wrap elementor-element-populated\">\n\t\t\t\t\t\t<div class=\"elementor-element elementor-element-fe0f6e2 elementor-widget elementor-widget-spacer\" data-id=\"fe0f6e2\" data-element_type=\"widget\" data-widget_type=\"spacer.default\">\n\t\t\t\t<div class=\"elementor-widget-container\">\n\t\t\t\t\t\t\t<div class=\"elementor-spacer\">\n\t\t\t<div class=\"elementor-spacer-inner\"><\/div>\n\t\t<\/div>\n\t\t\t\t\t\t<\/div>\n\t\t\t\t<\/div>\n\t\t\t\t\t<\/div>\n\t\t<\/div>\n\t\t\t\t\t<\/div>\n\t\t<\/section>\n\t\t\t\t<section class=\"elementor-section elementor-top-section elementor-element elementor-element-5eb76f5 elementor-section-full_width elementor-section-height-default elementor-section-height-default\" data-id=\"5eb76f5\" data-element_type=\"section\">\n\t\t\t\t\t\t<div class=\"elementor-container elementor-column-gap-default\">\n\t\t\t\t\t<div class=\"elementor-column elementor-col-33 elementor-top-column elementor-element elementor-element-5cb3ce5\" data-id=\"5cb3ce5\" data-element_type=\"column\">\n\t\t\t<div class=\"elementor-widget-wrap elementor-element-populated\">\n\t\t\t\t\t\t<div class=\"elementor-element elementor-element-f567b5d elementor-widget elementor-widget-heading\" data-id=\"f567b5d\" data-element_type=\"widget\" data-widget_type=\"heading.default\">\n\t\t\t\t<div class=\"elementor-widget-container\">\n\t\t\t\t\t<h2 class=\"elementor-heading-title elementor-size-default\">Plataforma GPS<\/h2>\t\t\t\t<\/div>\n\t\t\t\t<\/div>\n\t\t\t\t<div class=\"elementor-element elementor-element-ac66556 elementor-widget elementor-widget-text-editor\" data-id=\"ac66556\" data-element_type=\"widget\" data-widget_type=\"text-editor.default\">\n\t\t\t\t<div class=\"elementor-widget-container\">\n\t\t\t\t\t\t\t\t\t<p><span class=\"x-el x-el-span c1-68 c1-69 c1-b c1-c c1-d c1-e c1-f c1-g x-d-ux\">Ponemos a su disposici\u00f3n dispositivos GPS <strong>sin pagos mensuales<\/strong>. Si requiere una alternativa m\u00e1s robusta y especializada, contamos con una plataforma integral que combina geolocalizaci\u00f3n, telemetr\u00eda avanzada y dispositivos del asistencia al conductor.<\/span><\/p><p><span class=\"x-el x-el-span c1-68 c1-69 c1-b c1-c c1-d c1-e c1-f c1-g x-d-ux\">Ofrecemos a nuestros clientes reportes detallados, notificaciones personalizables, monitoreo 24\/7 por personal calificado, soporte t\u00e9cnico, capacitaci\u00f3n, productos y accesorios de \u00faltima tecnolog\u00eda.<\/span><\/p><p><span class=\"x-el x-el-span c1-68 c1-69 c1-b c1-c c1-d c1-e c1-f c1-g x-d-ux\"><strong class=\"x-el x-el-span c1-20 c1-21 c1-61 c1-62 c1-63 c1-64 c1-b x-d-ux\">Beneficios:<\/strong><\/span><\/p><ul><li class=\"x-el x-el-span c1-68 c1-69 c1-b c1-c c1-d c1-e c1-f c1-g x-d-ux\">Previene p\u00e9rdida de activos al mantener el control de las rutas en tiempo real<\/li><li class=\"x-el x-el-span c1-68 c1-69 c1-b c1-c c1-d c1-e c1-f c1-g x-d-ux\">Obtienen reportes detallados del funcionamiento y trazabilidad de su flota.<\/li><li class=\"x-el x-el-span c1-68 c1-69 c1-b c1-c c1-d c1-e c1-f c1-g x-d-ux\">Recibe notificaciones de alerta ante cualquier evento personalizado en plataforma.<\/li><\/ul>\t\t\t\t\t\t\t\t<\/div>\n\t\t\t\t<\/div>\n\t\t\t\t\t<\/div>\n\t\t<\/div>\n\t\t\t\t<div class=\"elementor-column elementor-col-66 elementor-top-column elementor-element elementor-element-2b105d5\" data-id=\"2b105d5\" data-element_type=\"column\">\n\t\t\t<div class=\"elementor-widget-wrap elementor-element-populated\">\n\t\t\t\t\t\t<div class=\"elementor-element elementor-element-5ed7994 elementor-widget elementor-widget-image\" data-id=\"5ed7994\" data-element_type=\"widget\" data-widget_type=\"image.default\">\n\t\t\t\t<div class=\"elementor-widget-container\">\n\t\t\t\t\t\t\t\t\t\t\t\t\t\t\t<img fetchpriority=\"high\" decoding=\"async\" width=\"1490\" height=\"797\" src=\"https:\/\/estraseg.net\/wp-content\/uploads\/2020\/06\/main-slide-04_imgconlogo.png\" class=\"attachment-full size-full wp-image-1404\" alt=\"\" srcset=\"https:\/\/estraseg.net\/wp-content\/uploads\/2020\/06\/main-slide-04_imgconlogo.png 1490w, https:\/\/estraseg.net\/wp-content\/uploads\/2020\/06\/main-slide-04_imgconlogo-300x160.png 300w, https:\/\/estraseg.net\/wp-content\/uploads\/2020\/06\/main-slide-04_imgconlogo-1024x548.png 1024w, https:\/\/estraseg.net\/wp-content\/uploads\/2020\/06\/main-slide-04_imgconlogo-768x411.png 768w\" sizes=\"(max-width: 1490px) 100vw, 1490px\" \/>\t\t\t\t\t\t\t\t\t\t\t\t\t\t\t<\/div>\n\t\t\t\t<\/div>\n\t\t\t\t<div class=\"elementor-element elementor-element-cf7ba81 elementor-widget__width-initial elementor-widget elementor-widget-image\" data-id=\"cf7ba81\" data-element_type=\"widget\" data-widget_type=\"image.default\">\n\t\t\t\t<div class=\"elementor-widget-container\">\n\t\t\t\t\t\t\t\t\t\t\t\t\t\t\t<img decoding=\"async\" width=\"1536\" height=\"1024\" src=\"https:\/\/estraseg.net\/wp-content\/uploads\/2025\/07\/elimina-el-texto-de-.png\" class=\"attachment-1536x1536 size-1536x1536 wp-image-2007\" alt=\"\" srcset=\"https:\/\/estraseg.net\/wp-content\/uploads\/2025\/07\/elimina-el-texto-de-.png 1536w, https:\/\/estraseg.net\/wp-content\/uploads\/2025\/07\/elimina-el-texto-de--300x200.png 300w, https:\/\/estraseg.net\/wp-content\/uploads\/2025\/07\/elimina-el-texto-de--1024x683.png 1024w, https:\/\/estraseg.net\/wp-content\/uploads\/2025\/07\/elimina-el-texto-de--768x512.png 768w\" sizes=\"(max-width: 1536px) 100vw, 1536px\" \/>\t\t\t\t\t\t\t\t\t\t\t\t\t\t\t<\/div>\n\t\t\t\t<\/div>\n\t\t\t\t\t<\/div>\n\t\t<\/div>\n\t\t\t\t\t<\/div>\n\t\t<\/section>\n\t\t\t\t<\/div>\n\t\t","protected":false},"excerpt":{"rendered":"<p>Plataforma GPS Ponemos a su disposici\u00f3n dispositivos GPS sin pagos mensuales. Si requiere una alternativa m\u00e1s robusta y especializada, contamos con una plataforma integral que combina geolocalizaci\u00f3n, telemetr\u00eda avanzada y dispositivos del asistencia al conductor. Ofrecemos a nuestros clientes reportes detallados, notificaciones personalizables, monitoreo 24\/7 por personal calificado, soporte t\u00e9cnico, capacitaci\u00f3n, productos y accesorios de [&hellip;]<\/p>\n","protected":false},"author":1,"featured_media":0,"parent":0,"menu_order":0,"comment_status":"closed","ping_status":"closed","template":"elementor_header_footer","meta":{"site-sidebar-layout":"no-sidebar","site-content-layout":"page-builder","ast-site-content-layout":"default","site-content-style":"default","site-sidebar-style":"default","ast-global-header-display":"","ast-banner-title-visibility":"","ast-main-header-display":"","ast-hfb-above-header-display":"","ast-hfb-below-header-display":"","ast-hfb-mobile-header-display":"","site-post-title":"disabled","ast-breadcrumbs-content":"","ast-featured-img":"disabled","footer-sml-layout":"","theme-transparent-header-meta":"default","adv-header-id-meta":"","stick-header-meta":"","header-above-stick-meta":"","header-main-stick-meta":"","header-below-stick-meta":"","astra-migrate-meta-layouts":"default","ast-page-background-enabled":"default","ast-page-background-meta":{"desktop":{"background-color":"","background-image":"","background-repeat":"repeat","background-position":"center center","background-size":"auto","background-attachment":"scroll","background-type":"","background-media":"","overlay-type":"","overlay-color":"","overlay-opacity":"","overlay-gradient":""},"tablet":{"background-color":"","background-image":"","background-repeat":"repeat","background-position":"center center","background-size":"auto","background-attachment":"scroll","background-type":"","background-media":"","overlay-type":"","overlay-color":"","overlay-opacity":"","overlay-gradient":""},"mobile":{"background-color":"","background-image":"","background-repeat":"repeat","background-position":"center center","background-size":"auto","background-attachment":"scroll","background-type":"","background-media":"","overlay-type":"","overlay-color":"","overlay-opacity":"","overlay-gradient":""}},"ast-content-background-meta":{"desktop":{"background-color":"var(--ast-global-color-5)","background-image":"","background-repeat":"repeat","background-position":"center center","background-size":"auto","background-attachment":"scroll","background-type":"","background-media":"","overlay-type":"","overlay-color":"","overlay-opacity":"","overlay-gradient":""},"tablet":{"background-color":"var(--ast-global-color-5)","background-image":"","background-repeat":"repeat","background-position":"center center","background-size":"auto","background-attachment":"scroll","background-type":"","background-media":"","overlay-type":"","overlay-color":"","overlay-opacity":"","overlay-gradient":""},"mobile":{"background-color":"var(--ast-global-color-5)","background-image":"","background-repeat":"repeat","background-position":"center center","background-size":"auto","background-attachment":"scroll","background-type":"","background-media":"","overlay-type":"","overlay-color":"","overlay-opacity":"","overlay-gradient":""}},"_joinchat":[],"footnotes":""},"class_list":["post-1328","page","type-page","status-publish","hentry"],"jetpack_sharing_enabled":true,"_links":{"self":[{"href":"https:\/\/estraseg.net\/index.php?rest_route=\/wp\/v2\/pages\/1328","targetHints":{"allow":["GET"]}}],"collection":[{"href":"https:\/\/estraseg.net\/index.php?rest_route=\/wp\/v2\/pages"}],"about":[{"href":"https:\/\/estraseg.net\/index.php?rest_route=\/wp\/v2\/types\/page"}],"author":[{"embeddable":true,"href":"https:\/\/estraseg.net\/index.php?rest_route=\/wp\/v2\/users\/1"}],"replies":[{"embeddable":true,"href":"https:\/\/estraseg.net\/index.php?rest_route=%2Fwp%2Fv2%2Fcomments&post=1328"}],"version-history":[{"count":23,"href":"https:\/\/estraseg.net\/index.php?rest_route=\/wp\/v2\/pages\/1328\/revisions"}],"predecessor-version":[{"id":2016,"href":"https:\/\/estraseg.net\/index.php?rest_route=\/wp\/v2\/pages\/1328\/revisions\/2016"}],"wp:attachment":[{"href":"https:\/\/estraseg.net\/index.php?rest_route=%2Fwp%2Fv2%2Fmedia&parent=1328"}],"curies":[{"name":"wp","href":"https:\/\/api.w.org\/{rel}","templated":true}]}}