{"id":1150,"date":"2017-08-01T10:27:45","date_gmt":"2017-08-01T10:27:45","guid":{"rendered":"http:\/\/estraseg.net\/?page_id=1150"},"modified":"2025-07-19T19:11:42","modified_gmt":"2025-07-20T00:11:42","slug":"home","status":"publish","type":"page","link":"https:\/\/estraseg.net\/","title":{"rendered":"Home"},"content":{"rendered":"\t\t<div data-elementor-type=\"wp-post\" data-elementor-id=\"1150\" class=\"elementor elementor-1150\">\n\t\t\t\t\t\t<section class=\"elementor-section elementor-top-section elementor-element elementor-element-s5cnk9s elementor-section-stretched elementor-section-content-middle elementor-section-boxed elementor-section-height-default elementor-section-height-default elementor-invisible\" data-id=\"s5cnk9s\" data-element_type=\"section\" data-settings=\"{&quot;stretch_section&quot;:&quot;section-stretched&quot;,&quot;background_background&quot;:&quot;slideshow&quot;,&quot;animation&quot;:&quot;fadeIn&quot;,&quot;background_slideshow_gallery&quot;:[{&quot;id&quot;:1934,&quot;url&quot;:&quot;http:\\\/\\\/estraseg.net\\\/wp-content\\\/uploads\\\/2025\\\/07\\\/videosmart.png&quot;},{&quot;id&quot;:1343,&quot;url&quot;:&quot;http:\\\/\\\/estraseg.net\\\/wp-content\\\/uploads\\\/2020\\\/06\\\/vorteile-polnischer-mitarbeiter-1.jpg&quot;},{&quot;id&quot;:1261,&quot;url&quot;:&quot;http:\\\/\\\/estraseg.net\\\/wp-content\\\/uploads\\\/2020\\\/06\\\/untitled-3.jpg&quot;},{&quot;id&quot;:2065,&quot;url&quot;:&quot;http:\\\/\\\/estraseg.net\\\/wp-content\\\/uploads\\\/2025\\\/07\\\/reemplazar-la-palabr.png&quot;}],&quot;background_slideshow_ken_burns&quot;:&quot;yes&quot;,&quot;background_slideshow_slide_transition&quot;:&quot;slide_left&quot;,&quot;background_slideshow_loop&quot;:&quot;yes&quot;,&quot;background_slideshow_slide_duration&quot;:5000,&quot;background_slideshow_transition_duration&quot;:500,&quot;background_slideshow_ken_burns_zoom_direction&quot;:&quot;in&quot;}\">\n\t\t\t\t\t\t\t<div class=\"elementor-background-overlay\"><\/div>\n\t\t\t\t\t\t\t<div class=\"elementor-container elementor-column-gap-default\">\n\t\t\t\t\t<div class=\"elementor-column elementor-col-100 elementor-top-column elementor-element elementor-element-q6uf6o5\" data-id=\"q6uf6o5\" data-element_type=\"column\">\n\t\t\t<div class=\"elementor-widget-wrap elementor-element-populated\">\n\t\t\t\t\t\t<div class=\"elementor-element elementor-element-8694de5 elementor-widget elementor-widget-heading\" data-id=\"8694de5\" data-element_type=\"widget\" data-widget_type=\"heading.default\">\n\t\t\t\t<div class=\"elementor-widget-container\">\n\t\t\t\t\t<h1 class=\"elementor-heading-title elementor-size-default\">Soluciones inteligentes y seguras para entornos empresariales y residenciales.<\/h1>\t\t\t\t<\/div>\n\t\t\t\t<\/div>\n\t\t\t\t<div class=\"elementor-element elementor-element-e2ee73d elementor-widget elementor-widget-text-editor\" data-id=\"e2ee73d\" data-element_type=\"widget\" data-widget_type=\"text-editor.default\">\n\t\t\t\t<div class=\"elementor-widget-container\">\n\t\t\t\t\t\t\t\t\t<div id=\"cn_0\" class=\"CommentContent\"><p class=\"CommentContentPara\">Somos especialista en soluciones integrales de seguridad, enfocados en dise\u00f1ar estrategias efectivas que garanticen la protecci\u00f3n de personas, bienes e infraestructuras, siempre optimizando los costos operativos de nuestros clientes<\/p><\/div>\t\t\t\t\t\t\t\t<\/div>\n\t\t\t\t<\/div>\n\t\t\t\t\t<\/div>\n\t\t<\/div>\n\t\t\t\t\t<\/div>\n\t\t<\/section>\n\t\t\t\t<section class=\"elementor-section elementor-top-section elementor-element elementor-element-ce4d49b elementor-section-full_width elementor-section-height-min-height elementor-section-content-middle elementor-section-stretched elementor-section-height-default elementor-section-items-middle\" data-id=\"ce4d49b\" data-element_type=\"section\" data-settings=\"{&quot;stretch_section&quot;:&quot;section-stretched&quot;}\">\n\t\t\t\t\t\t<div class=\"elementor-container elementor-column-gap-default\">\n\t\t\t\t\t<div class=\"elementor-column elementor-col-16 elementor-top-column elementor-element elementor-element-d277c71\" data-id=\"d277c71\" data-element_type=\"column\" data-settings=\"{&quot;background_background&quot;:&quot;classic&quot;}\">\n\t\t\t<div class=\"elementor-widget-wrap elementor-element-populated\">\n\t\t\t\t\t<div class=\"elementor-background-overlay\"><\/div>\n\t\t\t\t\t\t<div class=\"elementor-element elementor-element-779e805 elementor-widget elementor-widget-image\" data-id=\"779e805\" data-element_type=\"widget\" data-widget_type=\"image.default\">\n\t\t\t\t<div class=\"elementor-widget-container\">\n\t\t\t\t\t\t\t\t\t\t\t\t\t\t\t\t<a href=\"https:\/\/estraseg.net\/?page_id=1582\">\n\t\t\t\t\t\t\t<img decoding=\"async\" width=\"75\" height=\"75\" src=\"https:\/\/estraseg.net\/wp-content\/uploads\/2020\/12\/guardia-75x75.png\" class=\"attachment-wpcal-admin-avatar size-wpcal-admin-avatar wp-image-1711\" alt=\"\" srcset=\"https:\/\/estraseg.net\/wp-content\/uploads\/2020\/12\/guardia-75x75.png 75w, https:\/\/estraseg.net\/wp-content\/uploads\/2020\/12\/guardia-300x300.png 300w, https:\/\/estraseg.net\/wp-content\/uploads\/2020\/12\/guardia-150x150.png 150w, https:\/\/estraseg.net\/wp-content\/uploads\/2020\/12\/guardia.png 512w\" sizes=\"(max-width: 75px) 100vw, 75px\" \/>\t\t\t\t\t\t\t\t<\/a>\n\t\t\t\t\t\t\t\t\t\t\t\t\t\t\t<\/div>\n\t\t\t\t<\/div>\n\t\t\t\t<div class=\"elementor-element elementor-element-621b5c3 elementor-widget elementor-widget-heading\" data-id=\"621b5c3\" data-element_type=\"widget\" data-widget_type=\"heading.default\">\n\t\t\t\t<div class=\"elementor-widget-container\">\n\t\t\t\t\t<h6 class=\"elementor-heading-title elementor-size-default\"><a href=\"https:\/\/estraseg.net\/?page_id=1582\">Seguridad F\u00edsica<\/a><\/h6>\t\t\t\t<\/div>\n\t\t\t\t<\/div>\n\t\t\t\t\t<\/div>\n\t\t<\/div>\n\t\t\t\t<div class=\"elementor-column elementor-col-16 elementor-top-column elementor-element elementor-element-5064ce5\" data-id=\"5064ce5\" data-element_type=\"column\" data-settings=\"{&quot;background_background&quot;:&quot;classic&quot;}\">\n\t\t\t<div class=\"elementor-widget-wrap elementor-element-populated\">\n\t\t\t\t\t<div class=\"elementor-background-overlay\"><\/div>\n\t\t\t\t\t\t<div class=\"elementor-element elementor-element-8d2c83a elementor-widget elementor-widget-image\" data-id=\"8d2c83a\" data-element_type=\"widget\" data-widget_type=\"image.default\">\n\t\t\t\t<div class=\"elementor-widget-container\">\n\t\t\t\t\t\t\t\t\t\t\t\t\t\t\t\t<a href=\"http:\/\/estraseg.net\/?page_id=1323\">\n\t\t\t\t\t\t\t<img decoding=\"async\" width=\"75\" height=\"75\" src=\"https:\/\/estraseg.net\/wp-content\/uploads\/2020\/12\/smartphone-de-mano-grave-75x75.png\" class=\"attachment-wpcal-admin-avatar size-wpcal-admin-avatar wp-image-1716\" alt=\"\" srcset=\"https:\/\/estraseg.net\/wp-content\/uploads\/2020\/12\/smartphone-de-mano-grave-75x75.png 75w, https:\/\/estraseg.net\/wp-content\/uploads\/2020\/12\/smartphone-de-mano-grave-300x300.png 300w, https:\/\/estraseg.net\/wp-content\/uploads\/2020\/12\/smartphone-de-mano-grave-150x150.png 150w, https:\/\/estraseg.net\/wp-content\/uploads\/2020\/12\/smartphone-de-mano-grave.png 512w\" sizes=\"(max-width: 75px) 100vw, 75px\" \/>\t\t\t\t\t\t\t\t<\/a>\n\t\t\t\t\t\t\t\t\t\t\t\t\t\t\t<\/div>\n\t\t\t\t<\/div>\n\t\t\t\t<div class=\"elementor-element elementor-element-5055c76 elementor-widget elementor-widget-heading\" data-id=\"5055c76\" data-element_type=\"widget\" data-widget_type=\"heading.default\">\n\t\t\t\t<div class=\"elementor-widget-container\">\n\t\t\t\t\t<h6 class=\"elementor-heading-title elementor-size-default\"><a href=\"http:\/\/estraseg.net\/?page_id=1323\">Porter\u00eda Inteligente<\/a><\/h6>\t\t\t\t<\/div>\n\t\t\t\t<\/div>\n\t\t\t\t\t<\/div>\n\t\t<\/div>\n\t\t\t\t<div class=\"elementor-column elementor-col-16 elementor-top-column elementor-element elementor-element-692bc43\" data-id=\"692bc43\" data-element_type=\"column\" data-settings=\"{&quot;background_background&quot;:&quot;classic&quot;}\">\n\t\t\t<div class=\"elementor-widget-wrap elementor-element-populated\">\n\t\t\t\t\t<div class=\"elementor-background-overlay\"><\/div>\n\t\t\t\t\t\t<div class=\"elementor-element elementor-element-53fee6c elementor-widget elementor-widget-image\" data-id=\"53fee6c\" data-element_type=\"widget\" data-widget_type=\"image.default\">\n\t\t\t\t<div class=\"elementor-widget-container\">\n\t\t\t\t\t\t\t\t\t\t\t\t\t\t\t\t<a href=\"http:\/\/estraseg.net\/?page_id=1316\">\n\t\t\t\t\t\t\t<img decoding=\"async\" width=\"75\" height=\"75\" src=\"https:\/\/estraseg.net\/wp-content\/uploads\/2025\/07\/lupa-b-75x75.png\" class=\"attachment-wpcal-admin-avatar size-wpcal-admin-avatar wp-image-2058\" alt=\"\" srcset=\"https:\/\/estraseg.net\/wp-content\/uploads\/2025\/07\/lupa-b-75x75.png 75w, https:\/\/estraseg.net\/wp-content\/uploads\/2025\/07\/lupa-b-150x150.png 150w, https:\/\/estraseg.net\/wp-content\/uploads\/2025\/07\/lupa-b.png 300w\" sizes=\"(max-width: 75px) 100vw, 75px\" \/>\t\t\t\t\t\t\t\t<\/a>\n\t\t\t\t\t\t\t\t\t\t\t\t\t\t\t<\/div>\n\t\t\t\t<\/div>\n\t\t\t\t<div class=\"elementor-element elementor-element-bad9eb9 elementor-widget elementor-widget-heading\" data-id=\"bad9eb9\" data-element_type=\"widget\" data-widget_type=\"heading.default\">\n\t\t\t\t<div class=\"elementor-widget-container\">\n\t\t\t\t\t<h6 class=\"elementor-heading-title elementor-size-default\"><a href=\"http:\/\/estraseg.net\/?page_id=1316\">Investigacion Corporativa<\/a><\/h6>\t\t\t\t<\/div>\n\t\t\t\t<\/div>\n\t\t\t\t\t<\/div>\n\t\t<\/div>\n\t\t\t\t<div class=\"elementor-column elementor-col-16 elementor-top-column elementor-element elementor-element-a0172e3\" data-id=\"a0172e3\" data-element_type=\"column\" data-settings=\"{&quot;background_background&quot;:&quot;classic&quot;}\">\n\t\t\t<div class=\"elementor-widget-wrap elementor-element-populated\">\n\t\t\t\t\t<div class=\"elementor-background-overlay\"><\/div>\n\t\t\t\t\t\t<div class=\"elementor-element elementor-element-19eef77 elementor-widget elementor-widget-image\" data-id=\"19eef77\" data-element_type=\"widget\" data-widget_type=\"image.default\">\n\t\t\t\t<div class=\"elementor-widget-container\">\n\t\t\t\t\t\t\t\t\t\t\t\t\t\t\t\t<a href=\"http:\/\/estraseg.net\/?page_id=1328\">\n\t\t\t\t\t\t\t<img loading=\"lazy\" decoding=\"async\" width=\"75\" height=\"75\" src=\"https:\/\/estraseg.net\/wp-content\/uploads\/2020\/12\/marcador-de-posicion-de-coche-75x75.png\" class=\"attachment-wpcal-admin-avatar size-wpcal-admin-avatar wp-image-1708\" alt=\"\" srcset=\"https:\/\/estraseg.net\/wp-content\/uploads\/2020\/12\/marcador-de-posicion-de-coche-75x75.png 75w, https:\/\/estraseg.net\/wp-content\/uploads\/2020\/12\/marcador-de-posicion-de-coche-300x300.png 300w, https:\/\/estraseg.net\/wp-content\/uploads\/2020\/12\/marcador-de-posicion-de-coche-150x150.png 150w, https:\/\/estraseg.net\/wp-content\/uploads\/2020\/12\/marcador-de-posicion-de-coche.png 512w\" sizes=\"(max-width: 75px) 100vw, 75px\" \/>\t\t\t\t\t\t\t\t<\/a>\n\t\t\t\t\t\t\t\t\t\t\t\t\t\t\t<\/div>\n\t\t\t\t<\/div>\n\t\t\t\t<div class=\"elementor-element elementor-element-2750f48 elementor-widget elementor-widget-heading\" data-id=\"2750f48\" data-element_type=\"widget\" data-widget_type=\"heading.default\">\n\t\t\t\t<div class=\"elementor-widget-container\">\n\t\t\t\t\t<h6 class=\"elementor-heading-title elementor-size-default\"><a href=\"http:\/\/estraseg.net\/?page_id=1328\">Plataforma GPS<\/a><\/h6>\t\t\t\t<\/div>\n\t\t\t\t<\/div>\n\t\t\t\t\t<\/div>\n\t\t<\/div>\n\t\t\t\t<div class=\"elementor-column elementor-col-16 elementor-top-column elementor-element elementor-element-abd0678\" data-id=\"abd0678\" data-element_type=\"column\" data-settings=\"{&quot;background_background&quot;:&quot;classic&quot;}\">\n\t\t\t<div class=\"elementor-widget-wrap elementor-element-populated\">\n\t\t\t\t\t<div class=\"elementor-background-overlay\"><\/div>\n\t\t\t\t\t\t<div class=\"elementor-element elementor-element-30078c5 elementor-widget elementor-widget-image\" data-id=\"30078c5\" data-element_type=\"widget\" data-widget_type=\"image.default\">\n\t\t\t\t<div class=\"elementor-widget-container\">\n\t\t\t\t\t\t\t\t\t\t\t\t\t\t\t\t<a href=\"https:\/\/estraseg.net\/?page_id=1567\">\n\t\t\t\t\t\t\t<img loading=\"lazy\" decoding=\"async\" width=\"75\" height=\"75\" src=\"https:\/\/estraseg.net\/wp-content\/uploads\/2020\/12\/icono_seguridadelectronica2-75x75.png\" class=\"attachment-wpcal-admin-avatar size-wpcal-admin-avatar wp-image-1709\" alt=\"\" srcset=\"https:\/\/estraseg.net\/wp-content\/uploads\/2020\/12\/icono_seguridadelectronica2-75x75.png 75w, https:\/\/estraseg.net\/wp-content\/uploads\/2020\/12\/icono_seguridadelectronica2-150x150.png 150w\" sizes=\"(max-width: 75px) 100vw, 75px\" \/>\t\t\t\t\t\t\t\t<\/a>\n\t\t\t\t\t\t\t\t\t\t\t\t\t\t\t<\/div>\n\t\t\t\t<\/div>\n\t\t\t\t<div class=\"elementor-element elementor-element-ed7527e elementor-widget elementor-widget-heading\" data-id=\"ed7527e\" data-element_type=\"widget\" data-widget_type=\"heading.default\">\n\t\t\t\t<div class=\"elementor-widget-container\">\n\t\t\t\t\t<h6 class=\"elementor-heading-title elementor-size-default\"><a href=\"https:\/\/estraseg.net\/?page_id=1567\">Seguridad Electronica<\/a><\/h6>\t\t\t\t<\/div>\n\t\t\t\t<\/div>\n\t\t\t\t\t<\/div>\n\t\t<\/div>\n\t\t\t\t<div class=\"elementor-column elementor-col-16 elementor-top-column elementor-element elementor-element-48a3a42\" data-id=\"48a3a42\" data-element_type=\"column\" data-settings=\"{&quot;background_background&quot;:&quot;classic&quot;}\">\n\t\t\t<div class=\"elementor-widget-wrap elementor-element-populated\">\n\t\t\t\t\t<div class=\"elementor-background-overlay\"><\/div>\n\t\t\t\t\t\t<div class=\"elementor-element elementor-element-bcf2876 elementor-widget elementor-widget-image\" data-id=\"bcf2876\" data-element_type=\"widget\" data-widget_type=\"image.default\">\n\t\t\t\t<div class=\"elementor-widget-container\">\n\t\t\t\t\t\t\t\t\t\t\t\t\t\t\t\t<a href=\"https:\/\/estraseg.net\/?page_id=1561\">\n\t\t\t\t\t\t\t<img loading=\"lazy\" decoding=\"async\" width=\"150\" height=\"150\" src=\"https:\/\/estraseg.net\/wp-content\/uploads\/2020\/12\/icono_monitoreo2-150x150.png\" class=\"attachment-thumbnail size-thumbnail wp-image-1710\" alt=\"\" srcset=\"https:\/\/estraseg.net\/wp-content\/uploads\/2020\/12\/icono_monitoreo2-150x150.png 150w, https:\/\/estraseg.net\/wp-content\/uploads\/2020\/12\/icono_monitoreo2-300x300.png 300w, https:\/\/estraseg.net\/wp-content\/uploads\/2020\/12\/icono_monitoreo2-75x75.png 75w, https:\/\/estraseg.net\/wp-content\/uploads\/2020\/12\/icono_monitoreo2.png 432w\" sizes=\"(max-width: 150px) 100vw, 150px\" \/>\t\t\t\t\t\t\t\t<\/a>\n\t\t\t\t\t\t\t\t\t\t\t\t\t\t\t<\/div>\n\t\t\t\t<\/div>\n\t\t\t\t<div class=\"elementor-element elementor-element-21b245d elementor-widget elementor-widget-heading\" data-id=\"21b245d\" data-element_type=\"widget\" data-widget_type=\"heading.default\">\n\t\t\t\t<div class=\"elementor-widget-container\">\n\t\t\t\t\t<h6 class=\"elementor-heading-title elementor-size-default\"><a href=\"https:\/\/estraseg.net\/?page_id=1561\">Monitoreo y Video Vigilancia<\/a><\/h6>\t\t\t\t<\/div>\n\t\t\t\t<\/div>\n\t\t\t\t\t<\/div>\n\t\t<\/div>\n\t\t\t\t\t<\/div>\n\t\t<\/section>\n\t\t\t\t<section class=\"elementor-section elementor-top-section elementor-element elementor-element-4bfa0da elementor-section-content-middle elementor-section-boxed elementor-section-height-default elementor-section-height-default\" data-id=\"4bfa0da\" data-element_type=\"section\" data-settings=\"{&quot;background_background&quot;:&quot;classic&quot;}\">\n\t\t\t\t\t\t\t<div class=\"elementor-background-overlay\"><\/div>\n\t\t\t\t\t\t\t<div class=\"elementor-container elementor-column-gap-default\">\n\t\t\t\t\t<div class=\"elementor-column elementor-col-25 elementor-top-column elementor-element elementor-element-3760b4e\" data-id=\"3760b4e\" data-element_type=\"column\">\n\t\t\t<div class=\"elementor-widget-wrap elementor-element-populated\">\n\t\t\t\t\t\t<div class=\"elementor-element elementor-element-l8i1w71 elementor-widget elementor-widget-heading\" data-id=\"l8i1w71\" data-element_type=\"widget\" data-widget_type=\"heading.default\">\n\t\t\t\t<div class=\"elementor-widget-container\">\n\t\t\t\t\t<h2 class=\"elementor-heading-title elementor-size-default\">\u00bfPor qu\u00e9 escogernos?<\/h2>\t\t\t\t<\/div>\n\t\t\t\t<\/div>\n\t\t\t\t<div class=\"elementor-element elementor-element-af5d8mu elementor-widget elementor-widget-image\" data-id=\"af5d8mu\" data-element_type=\"widget\" data-widget_type=\"image.default\">\n\t\t\t\t<div class=\"elementor-widget-container\">\n\t\t\t\t\t\t\t\t\t\t\t\t\t\t\t<img decoding=\"async\" src=\"https:\/\/estraseg.net\/wp-content\/uploads\/2020\/05\/plug-free-img.png\" title=\"plug-free-img.png\" alt=\"plug-free-img.png\" loading=\"lazy\" \/>\t\t\t\t\t\t\t\t\t\t\t\t\t\t\t<\/div>\n\t\t\t\t<\/div>\n\t\t\t\t<div class=\"elementor-element elementor-element-0ed2fc7 elementor-widget elementor-widget-text-editor\" data-id=\"0ed2fc7\" data-element_type=\"widget\" data-widget_type=\"text-editor.default\">\n\t\t\t\t<div class=\"elementor-widget-container\">\n\t\t\t\t\t\t\t\t\t<p>En <strong>ESTRASEG,\u00a0<\/strong>trabajamos arduamente en la mejora contin\u00faa enfocados en buscar estrategias innovadoras adaptadas a la necesidad de cada uno de nuestros clientes.<\/p><p>Una empresa registrada en el Ministerio de Seguridad con Resuelto N\u00b0 002\/DIAPS\/DASP\/20<\/p>\t\t\t\t\t\t\t\t<\/div>\n\t\t\t\t<\/div>\n\t\t\t\t\t<\/div>\n\t\t<\/div>\n\t\t\t\t<div class=\"elementor-column elementor-col-25 elementor-top-column elementor-element elementor-element-e8eab32\" data-id=\"e8eab32\" data-element_type=\"column\" data-settings=\"{&quot;background_background&quot;:&quot;classic&quot;}\">\n\t\t\t<div class=\"elementor-widget-wrap elementor-element-populated\">\n\t\t\t\t\t<div class=\"elementor-background-overlay\"><\/div>\n\t\t\t\t\t\t<div class=\"elementor-element elementor-element-8ya3pih elementor-widget elementor-widget-image\" data-id=\"8ya3pih\" data-element_type=\"widget\" data-widget_type=\"image.default\">\n\t\t\t\t<div class=\"elementor-widget-container\">\n\t\t\t\t\t\t\t\t\t\t\t\t\t\t\t\t<a href=\"http:\/\/estraseg.net\/?page_id=1333\">\n\t\t\t\t\t\t\t<img loading=\"lazy\" decoding=\"async\" width=\"120\" height=\"120\" src=\"https:\/\/estraseg.net\/wp-content\/uploads\/2017\/08\/support-free-img.png\" class=\"attachment-full size-full wp-image-76\" alt=\"24x7 Support\" \/>\t\t\t\t\t\t\t\t<\/a>\n\t\t\t\t\t\t\t\t\t\t\t\t\t\t\t<\/div>\n\t\t\t\t<\/div>\n\t\t\t\t<div class=\"elementor-element elementor-element-37vjhu2 elementor-widget elementor-widget-heading\" data-id=\"37vjhu2\" data-element_type=\"widget\" data-widget_type=\"heading.default\">\n\t\t\t\t<div class=\"elementor-widget-container\">\n\t\t\t\t\t<h6 class=\"elementor-heading-title elementor-size-default\"><a href=\"http:\/\/estraseg.net\/?page_id=1333\">Personal Id\u00f3neo<\/a><\/h6>\t\t\t\t<\/div>\n\t\t\t\t<\/div>\n\t\t\t\t\t<\/div>\n\t\t<\/div>\n\t\t\t\t<div class=\"elementor-column elementor-col-25 elementor-top-column elementor-element elementor-element-d5cba61\" data-id=\"d5cba61\" data-element_type=\"column\" data-settings=\"{&quot;background_background&quot;:&quot;classic&quot;}\">\n\t\t\t<div class=\"elementor-widget-wrap elementor-element-populated\">\n\t\t\t\t\t<div class=\"elementor-background-overlay\"><\/div>\n\t\t\t\t\t\t<div class=\"elementor-element elementor-element-kfzt2bm elementor-widget elementor-widget-image\" data-id=\"kfzt2bm\" data-element_type=\"widget\" data-widget_type=\"image.default\">\n\t\t\t\t<div class=\"elementor-widget-container\">\n\t\t\t\t\t\t\t\t\t\t\t\t\t\t\t\t<a href=\"http:\/\/estraseg.net\/?page_id=1316\">\n\t\t\t\t\t\t\t<img loading=\"lazy\" decoding=\"async\" width=\"100\" height=\"100\" src=\"https:\/\/estraseg.net\/wp-content\/uploads\/2020\/06\/insurance-free-imgazul.png\" class=\"attachment-full size-full wp-image-1490\" alt=\"\" \/>\t\t\t\t\t\t\t\t<\/a>\n\t\t\t\t\t\t\t\t\t\t\t\t\t\t\t<\/div>\n\t\t\t\t<\/div>\n\t\t\t\t<div class=\"elementor-element elementor-element-2kx7dlc elementor-widget elementor-widget-heading\" data-id=\"2kx7dlc\" data-element_type=\"widget\" data-widget_type=\"heading.default\">\n\t\t\t\t<div class=\"elementor-widget-container\">\n\t\t\t\t\t<h6 class=\"elementor-heading-title elementor-size-default\"><a href=\"http:\/\/estraseg.net\/?page_id=1316\">Estrategias Preventivas<\/a><\/h6>\t\t\t\t<\/div>\n\t\t\t\t<\/div>\n\t\t\t\t\t<\/div>\n\t\t<\/div>\n\t\t\t\t<div class=\"elementor-column elementor-col-25 elementor-top-column elementor-element elementor-element-a235233\" data-id=\"a235233\" data-element_type=\"column\" data-settings=\"{&quot;background_background&quot;:&quot;classic&quot;}\">\n\t\t\t<div class=\"elementor-widget-wrap elementor-element-populated\">\n\t\t\t\t\t<div class=\"elementor-background-overlay\"><\/div>\n\t\t\t\t\t\t<div class=\"elementor-element elementor-element-a6daqa0 elementor-widget elementor-widget-image\" data-id=\"a6daqa0\" data-element_type=\"widget\" data-widget_type=\"image.default\">\n\t\t\t\t<div class=\"elementor-widget-container\">\n\t\t\t\t\t\t\t\t\t\t\t\t\t\t\t\t<a href=\"http:\/\/estraseg.net\/?page_id=1323\">\n\t\t\t\t\t\t\t<img loading=\"lazy\" decoding=\"async\" width=\"100\" height=\"100\" src=\"https:\/\/estraseg.net\/wp-content\/uploads\/2020\/06\/lighting-free-imgazul.png\" class=\"attachment-full size-full wp-image-1491\" alt=\"\" \/>\t\t\t\t\t\t\t\t<\/a>\n\t\t\t\t\t\t\t\t\t\t\t\t\t\t\t<\/div>\n\t\t\t\t<\/div>\n\t\t\t\t<div class=\"elementor-element elementor-element-v99bobz elementor-widget elementor-widget-heading\" data-id=\"v99bobz\" data-element_type=\"widget\" data-widget_type=\"heading.default\">\n\t\t\t\t<div class=\"elementor-widget-container\">\n\t\t\t\t\t<h6 class=\"elementor-heading-title elementor-size-default\"><a href=\"http:\/\/estraseg.net\/?page_id=1323\">Innovaci\u00f3n<\/a><\/h6>\t\t\t\t<\/div>\n\t\t\t\t<\/div>\n\t\t\t\t\t<\/div>\n\t\t<\/div>\n\t\t\t\t\t<\/div>\n\t\t<\/section>\n\t\t\t\t<\/div>\n\t\t","protected":false},"excerpt":{"rendered":"<p>Soluciones inteligentes y seguras para entornos empresariales y residenciales. Somos especialista en soluciones integrales de seguridad, enfocados en dise\u00f1ar estrategias efectivas que garanticen la protecci\u00f3n de personas, bienes e infraestructuras, siempre optimizando los costos operativos de nuestros clientes Seguridad F\u00edsica Porter\u00eda Inteligente Investigacion Corporativa Plataforma GPS Seguridad Electronica Monitoreo y Video Vigilancia \u00bfPor qu\u00e9 escogernos? [&hellip;]<\/p>\n","protected":false},"author":1,"featured_media":0,"parent":0,"menu_order":0,"comment_status":"closed","ping_status":"open","template":"","meta":{"site-sidebar-layout":"no-sidebar","site-content-layout":"page-builder","ast-site-content-layout":"default","site-content-style":"default","site-sidebar-style":"default","ast-global-header-display":"","ast-banner-title-visibility":"","ast-main-header-display":"","ast-hfb-above-header-display":"","ast-hfb-below-header-display":"","ast-hfb-mobile-header-display":"","site-post-title":"disabled","ast-breadcrumbs-content":"","ast-featured-img":"disabled","footer-sml-layout":"","theme-transparent-header-meta":"default","adv-header-id-meta":"","stick-header-meta":"","header-above-stick-meta":"","header-main-stick-meta":"","header-below-stick-meta":"","astra-migrate-meta-layouts":"default","ast-page-background-enabled":"default","ast-page-background-meta":{"desktop":{"background-color":"","background-image":"","background-repeat":"repeat","background-position":"center center","background-size":"auto","background-attachment":"scroll","background-type":"","background-media":"","overlay-type":"","overlay-color":"","overlay-opacity":"","overlay-gradient":""},"tablet":{"background-color":"","background-image":"","background-repeat":"repeat","background-position":"center center","background-size":"auto","background-attachment":"scroll","background-type":"","background-media":"","overlay-type":"","overlay-color":"","overlay-opacity":"","overlay-gradient":""},"mobile":{"background-color":"","background-image":"","background-repeat":"repeat","background-position":"center center","background-size":"auto","background-attachment":"scroll","background-type":"","background-media":"","overlay-type":"","overlay-color":"","overlay-opacity":"","overlay-gradient":""}},"ast-content-background-meta":{"desktop":{"background-color":"var(--ast-global-color-5)","background-image":"","background-repeat":"repeat","background-position":"center center","background-size":"auto","background-attachment":"scroll","background-type":"","background-media":"","overlay-type":"","overlay-color":"","overlay-opacity":"","overlay-gradient":""},"tablet":{"background-color":"var(--ast-global-color-5)","background-image":"","background-repeat":"repeat","background-position":"center center","background-size":"auto","background-attachment":"scroll","background-type":"","background-media":"","overlay-type":"","overlay-color":"","overlay-opacity":"","overlay-gradient":""},"mobile":{"background-color":"var(--ast-global-color-5)","background-image":"","background-repeat":"repeat","background-position":"center center","background-size":"auto","background-attachment":"scroll","background-type":"","background-media":"","overlay-type":"","overlay-color":"","overlay-opacity":"","overlay-gradient":""}},"_joinchat":[],"footnotes":""},"class_list":["post-1150","page","type-page","status-publish","hentry"],"jetpack_sharing_enabled":true,"_links":{"self":[{"href":"https:\/\/estraseg.net\/index.php?rest_route=\/wp\/v2\/pages\/1150","targetHints":{"allow":["GET"]}}],"collection":[{"href":"https:\/\/estraseg.net\/index.php?rest_route=\/wp\/v2\/pages"}],"about":[{"href":"https:\/\/estraseg.net\/index.php?rest_route=\/wp\/v2\/types\/page"}],"author":[{"embeddable":true,"href":"https:\/\/estraseg.net\/index.php?rest_route=\/wp\/v2\/users\/1"}],"replies":[{"embeddable":true,"href":"https:\/\/estraseg.net\/index.php?rest_route=%2Fwp%2Fv2%2Fcomments&post=1150"}],"version-history":[{"count":277,"href":"https:\/\/estraseg.net\/index.php?rest_route=\/wp\/v2\/pages\/1150\/revisions"}],"predecessor-version":[{"id":2100,"href":"https:\/\/estraseg.net\/index.php?rest_route=\/wp\/v2\/pages\/1150\/revisions\/2100"}],"wp:attachment":[{"href":"https:\/\/estraseg.net\/index.php?rest_route=%2Fwp%2Fv2%2Fmedia&parent=1150"}],"curies":[{"name":"wp","href":"https:\/\/api.w.org\/{rel}","templated":true}]}}